{"id":964,"date":"2026-01-02T12:43:09","date_gmt":"2026-01-02T12:43:09","guid":{"rendered":"https:\/\/credo.unidu.hr\/clanovi\/"},"modified":"2026-04-18T11:03:40","modified_gmt":"2026-04-18T11:03:40","slug":"members","status":"publish","type":"page","link":"https:\/\/credo.unidu.hr\/en\/members\/","title":{"rendered":"Members"},"content":{"rendered":"<div class=\"wpb-content-wrapper\"><p>[vc_row css_animation=&#8221;&#8221; row_type=&#8221;row&#8221; use_row_as_full_screen_section=&#8221;no&#8221; type=&#8221;full_width&#8221; angled_section=&#8221;no&#8221; text_align=&#8221;left&#8221; background_image_as_pattern=&#8221;without_pattern&#8221; css=&#8221;.vc_custom_1741284392986{margin-bottom: 50px !important;background-color: #FFFFFF !important;}&#8221; z_index=&#8221;&#8221;][vc_column][vc_column_text css=&#8221;&#8221;]<\/p>\n<blockquote>\n<h2 class=\"ds-markdown ds-markdown--block\">Members<\/h2>\n<\/blockquote>\n<p>[\/vc_column_text][\/vc_column][\/vc_row][vc_row css_animation=&#8221;&#8221; row_type=&#8221;row&#8221; use_row_as_full_screen_section=&#8221;no&#8221; type=&#8221;full_width&#8221; angled_section=&#8221;no&#8221; text_align=&#8221;left&#8221; background_image_as_pattern=&#8221;without_pattern&#8221; css=&#8221;.vc_custom_1741361942254{margin-bottom: 10px !important;background-color: #FFFFFF !important;}&#8221; z_index=&#8221;&#8221;][vc_column width=&#8221;1\/2&#8243;][vc_empty_space height=&#8221;15px&#8221;][vc_single_image image=&#8221;805&#8243; img_size=&#8221;medium&#8221; alignment=&#8221;center&#8221; onclick=&#8221;link_image&#8221; css=&#8221;&#8221; qode_css_animation=&#8221;&#8221;][vc_empty_space height=&#8221;15px&#8221;][\/vc_column][vc_column width=&#8221;1\/2&#8243;][vc_empty_space height=&#8221;15px&#8221;][vc_column_text css=&#8221;&#8221;]<\/p>\n<div class=\"ds-markdown ds-markdown--block\">\n<p>Prof. dr. sc. <strong>Neboj\u0161a Stoj\u010di\u0107<\/strong><\/p>\n<p><strong><small>director of CREDO<\/small><\/strong><\/p>\n<p>E-mail: <a href=\"mailto:nebojsa.stojcic@unidu.hr\">nebojsa.stojcic@unidu.hr<\/a><\/p>\n<p>&nbsp;<\/p>\n<p><a href=\"https:\/\/scholar.google.hr\/citations?hl=en&amp;authuser=1&amp;user=_DjgxFIAAAAJ\"><img loading=\"lazy\" decoding=\"async\" class=\"alignnone size-medium wp-image-813\" src=\"https:\/\/credo.unidu.hr\/wp-content\/uploads\/2026\/01\/Google-Scholar.png\" alt=\"\" width=\"50\" height=\"50\" \/><\/a> \u00a0<a href=\"https:\/\/www.linkedin.com\/in\/nebojsa-stojcic-8116667\/\"><img loading=\"lazy\" decoding=\"async\" class=\"alignnone size-medium wp-image-811\" src=\"https:\/\/credo.unidu.hr\/wp-content\/uploads\/2026\/01\/Linkedin.png\" alt=\"\" width=\"50\" height=\"50\" \/><\/a> \u00a0<a href=\"https:\/\/www.researchgate.net\/profile\/Nebojsa_Stojcic\"><img loading=\"lazy\" decoding=\"async\" class=\"alignnone size-medium wp-image-809\" src=\"https:\/\/credo.unidu.hr\/wp-content\/uploads\/2026\/01\/ResearchGate.png\" alt=\"\" width=\"50\" height=\"50\" \/><\/a> \u00a0<a href=\"https:\/\/publons.com\/researcher\/1196753\/nebojsa-stojcic\/\"><img loading=\"lazy\" decoding=\"async\" class=\"alignnone size-medium wp-image-807\" src=\"https:\/\/credo.unidu.hr\/wp-content\/uploads\/2026\/01\/publons-.png\" alt=\"\" width=\"50\" height=\"50\" \/><\/a><\/p>\n<\/div>\n<p>[\/vc_column_text][\/vc_column][\/vc_row][vc_row css_animation=&#8221;&#8221; row_type=&#8221;row&#8221; use_row_as_full_screen_section=&#8221;no&#8221; type=&#8221;full_width&#8221; angled_section=&#8221;no&#8221; text_align=&#8221;left&#8221; background_image_as_pattern=&#8221;without_pattern&#8221; css=&#8221;.vc_custom_1741361942254{margin-bottom: 10px !important;background-color: #FFFFFF !important;}&#8221; z_index=&#8221;&#8221;][vc_column width=&#8221;1\/2&#8243;][vc_empty_space height=&#8221;15px&#8221;][vc_single_image image=&#8221;952&#8243; img_size=&#8221;medium&#8221; alignment=&#8221;center&#8221; onclick=&#8221;link_image&#8221; css=&#8221;&#8221; qode_css_animation=&#8221;&#8221;][vc_empty_space height=&#8221;15px&#8221;][\/vc_column][vc_column width=&#8221;1\/2&#8243;][vc_empty_space height=&#8221;15px&#8221;][vc_column_text css=&#8221;&#8221;]<\/p>\n<div class=\"ds-markdown ds-markdown--block\">\n<p>Prof. dr. sc. Katija Vojvodi\u0107<\/p>\n<p>E-mail:\u00a0<a href=\"mailto:katija.vojvodic@unidu.hr\">katija.vojvodic@unidu.hr<\/a><\/p>\n<p>&nbsp;<\/p>\n<p><a href=\"https:\/\/scholar.google.hr\/citations?hl=en&amp;authuser=1&amp;user=0PiAdTQAAAAJ\"><img loading=\"lazy\" decoding=\"async\" class=\"alignnone size-full wp-image-813\" src=\"https:\/\/credo.unidu.hr\/wp-content\/uploads\/2026\/01\/Google-Scholar.png\" alt=\"\" width=\"50\" height=\"50\" \/><\/a> \u00a0<a href=\"https:\/\/www.linkedin.com\/in\/katija-vojvodic-704b57113\/\"><img loading=\"lazy\" decoding=\"async\" class=\"alignnone size-full wp-image-811\" src=\"https:\/\/credo.unidu.hr\/wp-content\/uploads\/2026\/01\/Linkedin.png\" alt=\"\" width=\"50\" height=\"50\" \/><\/a><\/p>\n<\/div>\n<p>[\/vc_column_text][\/vc_column][\/vc_row][vc_row css_animation=&#8221;&#8221; row_type=&#8221;row&#8221; use_row_as_full_screen_section=&#8221;no&#8221; type=&#8221;full_width&#8221; angled_section=&#8221;no&#8221; text_align=&#8221;left&#8221; background_image_as_pattern=&#8221;without_pattern&#8221; css=&#8221;.vc_custom_1741361942254{margin-bottom: 10px !important;background-color: #FFFFFF !important;}&#8221; z_index=&#8221;&#8221;][vc_column width=&#8221;1\/2&#8243;][vc_empty_space height=&#8221;15px&#8221;][vc_single_image image=&#8221;950&#8243; img_size=&#8221;medium&#8221; alignment=&#8221;center&#8221; onclick=&#8221;link_image&#8221; css=&#8221;&#8221; qode_css_animation=&#8221;&#8221;][vc_empty_space height=&#8221;15px&#8221;][\/vc_column][vc_column width=&#8221;1\/2&#8243;][vc_empty_space height=&#8221;15px&#8221;][vc_column_text css=&#8221;&#8221;]<\/p>\n<div class=\"ds-markdown ds-markdown--block\">\n<p>Prof. dr. sc.<strong> Perica Vojini\u0107<\/strong><\/p>\n<p>E-mail:<a href=\"mailto:perica.vojinic@unidu.hr\"> perica.vojinic@unidu.hr<\/a><\/p>\n<p>&nbsp;<\/p>\n<p><a href=\"https:\/\/scholar.google.hr\/citations?hl=en&amp;authuser=1&amp;user=QDwEkrwAAAAJ\"><img loading=\"lazy\" decoding=\"async\" class=\"alignnone size-full wp-image-813\" src=\"https:\/\/credo.unidu.hr\/wp-content\/uploads\/2026\/01\/Google-Scholar.png\" alt=\"\" width=\"50\" height=\"50\" \/><\/a> \u00a0<a href=\"https:\/\/www.researchgate.net\/profile\/Perica-Vojinic\"><img loading=\"lazy\" decoding=\"async\" class=\"alignnone size-full wp-image-809\" src=\"https:\/\/credo.unidu.hr\/wp-content\/uploads\/2026\/01\/ResearchGate.png\" alt=\"\" width=\"50\" height=\"50\" \/><\/a><\/p>\n<\/div>\n<p>[\/vc_column_text][\/vc_column][\/vc_row][vc_row css_animation=&#8221;&#8221; row_type=&#8221;row&#8221; use_row_as_full_screen_section=&#8221;no&#8221; type=&#8221;full_width&#8221; angled_section=&#8221;no&#8221; text_align=&#8221;left&#8221; background_image_as_pattern=&#8221;without_pattern&#8221; css=&#8221;.vc_custom_1741361942254{margin-bottom: 10px !important;background-color: #FFFFFF !important;}&#8221; z_index=&#8221;&#8221;][vc_column width=&#8221;1\/2&#8243;][vc_empty_space height=&#8221;15px&#8221;][vc_single_image image=&#8221;948&#8243; img_size=&#8221;medium&#8221; alignment=&#8221;center&#8221; onclick=&#8221;link_image&#8221; css=&#8221;&#8221; qode_css_animation=&#8221;&#8221;][vc_empty_space height=&#8221;15px&#8221;][\/vc_column][vc_column width=&#8221;1\/2&#8243;][vc_empty_space height=&#8221;15px&#8221;][vc_column_text css=&#8221;&#8221;]<\/p>\n<div class=\"ds-markdown ds-markdown--block\">\n<p>Prof. dr. sc. <strong>Ivana Pavli\u0107<\/strong><\/p>\n<p>E-mail: <a href=\"mailto:ivana.pavlic@unidu.hr\">ivana.pavlic@unidu.hr<\/a><\/p>\n<p>&nbsp;<\/p>\n<p><a href=\"https:\/\/scholar.google.hr\/citations?hl=en&amp;authuser=1&amp;user=ex5c2z8AAAAJ\"><img loading=\"lazy\" decoding=\"async\" class=\"alignnone size-full wp-image-813\" src=\"https:\/\/credo.unidu.hr\/wp-content\/uploads\/2026\/01\/Google-Scholar.png\" alt=\"\" width=\"50\" height=\"50\" \/><\/a> \u00a0<a href=\"https:\/\/www.researchgate.net\/profile\/Ivana_Pavlic\"><img loading=\"lazy\" decoding=\"async\" class=\"alignnone size-full wp-image-809\" src=\"https:\/\/credo.unidu.hr\/wp-content\/uploads\/2026\/01\/ResearchGate.png\" alt=\"\" width=\"50\" height=\"50\" \/><\/a> \u00a0<a href=\"https:\/\/publons.com\/researcher\/4064541\/ivana-pavlic\/\"><img loading=\"lazy\" decoding=\"async\" class=\"alignnone size-full wp-image-807\" src=\"https:\/\/credo.unidu.hr\/wp-content\/uploads\/2026\/01\/publons-.png\" alt=\"\" width=\"50\" height=\"50\" \/><\/a><\/p>\n<\/div>\n<p>[\/vc_column_text][\/vc_column][\/vc_row][vc_row css_animation=&#8221;&#8221; row_type=&#8221;row&#8221; use_row_as_full_screen_section=&#8221;no&#8221; type=&#8221;full_width&#8221; angled_section=&#8221;no&#8221; text_align=&#8221;left&#8221; background_image_as_pattern=&#8221;without_pattern&#8221; css=&#8221;.vc_custom_1741361942254{margin-bottom: 10px !important;background-color: #FFFFFF !important;}&#8221; z_index=&#8221;&#8221;][vc_column width=&#8221;1\/2&#8243;][vc_empty_space height=&#8221;15px&#8221;][vc_single_image image=&#8221;944&#8243; img_size=&#8221;medium&#8221; alignment=&#8221;center&#8221; onclick=&#8221;link_image&#8221; css=&#8221;&#8221; qode_css_animation=&#8221;&#8221;][vc_empty_space height=&#8221;15px&#8221;][\/vc_column][vc_column width=&#8221;1\/2&#8243;][vc_empty_space height=&#8221;15px&#8221;][vc_column_text css=&#8221;&#8221;]<\/p>\n<div class=\"ds-markdown ds-markdown--block\">\n<p>Izv. prof. dr. sc. Marija Be\u010di\u0107<\/p>\n<p>E-mail: <a href=\"mailto:marija.becic@unidu.hr\">marija.becic@unidu.hr<\/a><\/p>\n<p>&nbsp;<\/p>\n<p><a href=\"https:\/\/scholar.google.hr\/citations?hl=en&amp;authuser=1&amp;user=HmuPJ0gAAAAJ\"><img loading=\"lazy\" decoding=\"async\" class=\"alignnone size-full wp-image-813\" src=\"https:\/\/credo.unidu.hr\/wp-content\/uploads\/2026\/01\/Google-Scholar.png\" alt=\"\" width=\"50\" height=\"50\" \/><\/a> \u00a0<a href=\"https:\/\/www.linkedin.com\/in\/marija-be%C4%8Di%C4%87-62b22a137\/\"><img loading=\"lazy\" decoding=\"async\" class=\"alignnone size-full wp-image-811\" src=\"https:\/\/credo.unidu.hr\/wp-content\/uploads\/2026\/01\/Linkedin.png\" alt=\"\" width=\"50\" height=\"50\" \/><\/a> \u00a0<a href=\"https:\/\/www.researchgate.net\/profile\/Marija_Becic\"><img loading=\"lazy\" decoding=\"async\" class=\"alignnone size-full wp-image-809\" src=\"https:\/\/credo.unidu.hr\/wp-content\/uploads\/2026\/01\/ResearchGate.png\" alt=\"\" width=\"50\" height=\"50\" \/><\/a><\/p>\n<\/div>\n<p>[\/vc_column_text][\/vc_column][\/vc_row][vc_row css_animation=&#8221;&#8221; row_type=&#8221;row&#8221; use_row_as_full_screen_section=&#8221;no&#8221; type=&#8221;full_width&#8221; angled_section=&#8221;no&#8221; text_align=&#8221;left&#8221; background_image_as_pattern=&#8221;without_pattern&#8221; css=&#8221;.vc_custom_1741361942254{margin-bottom: 10px !important;background-color: #FFFFFF !important;}&#8221; z_index=&#8221;&#8221;][vc_column width=&#8221;1\/2&#8243;][vc_empty_space height=&#8221;15px&#8221;][vc_single_image image=&#8221;956&#8243; img_size=&#8221;medium&#8221; alignment=&#8221;center&#8221; onclick=&#8221;link_image&#8221; css=&#8221;&#8221; qode_css_animation=&#8221;&#8221;][vc_empty_space height=&#8221;15px&#8221;][\/vc_column][vc_column width=&#8221;1\/2&#8243;][vc_empty_space height=&#8221;15px&#8221;][vc_column_text css=&#8221;&#8221;]<\/p>\n<div class=\"ds-markdown ds-markdown--block\">\n<p>Izv. prof. dr. sc. <strong>Barbara Puh<\/strong><\/p>\n<p>E-mail: <a href=\"mailto:barbara.puh@unidu.hr\">barbara.puh@unidu.hr<\/a><\/p>\n<p>&nbsp;<\/p>\n<p><a href=\"https:\/\/scholar.google.hr\/citations?hl=en&amp;authuser=1&amp;user=8crXsXIAAAAJ\"><img loading=\"lazy\" decoding=\"async\" class=\"alignnone size-full wp-image-813\" src=\"https:\/\/credo.unidu.hr\/wp-content\/uploads\/2026\/01\/Google-Scholar.png\" alt=\"\" width=\"50\" height=\"50\" \/><\/a><\/p>\n<\/div>\n<p>[\/vc_column_text][\/vc_column][\/vc_row][vc_row css_animation=&#8221;&#8221; row_type=&#8221;row&#8221; use_row_as_full_screen_section=&#8221;no&#8221; type=&#8221;full_width&#8221; angled_section=&#8221;no&#8221; text_align=&#8221;left&#8221; background_image_as_pattern=&#8221;without_pattern&#8221; css=&#8221;.vc_custom_1741361942254{margin-bottom: 10px !important;background-color: #FFFFFF !important;}&#8221; z_index=&#8221;&#8221;][vc_column width=&#8221;1\/2&#8243;][vc_empty_space height=&#8221;15px&#8221;][vc_single_image image=&#8221;954&#8243; img_size=&#8221;medium&#8221; alignment=&#8221;center&#8221; onclick=&#8221;link_image&#8221; css=&#8221;&#8221; qode_css_animation=&#8221;&#8221;][vc_empty_space height=&#8221;15px&#8221;][\/vc_column][vc_column width=&#8221;1\/2&#8243;][vc_empty_space height=&#8221;5px&#8221;][vc_column_text css=&#8221;&#8221;]<\/p>\n<div class=\"ds-markdown ds-markdown--block\">\n<p>dr. sc. <strong>Nina Vujanovi\u0107<\/strong><\/p>\n<p>E-mail: <a href=\"vujanovic@wiiw.ac.at\">vujanovic@wiiw.ac.at<\/a><\/p>\n<p>&nbsp;<\/p>\n<p><a href=\"https:\/\/scholar.google.com\/citations?user=kXfOu8sAAAAJ&amp;hl=en\"><img loading=\"lazy\" decoding=\"async\" class=\"alignnone size-full wp-image-813\" src=\"https:\/\/credo.unidu.hr\/wp-content\/uploads\/2026\/01\/Google-Scholar.png\" alt=\"\" width=\"50\" height=\"50\" \/><\/a> \u00a0<a href=\"https:\/\/www.linkedin.com\/in\/nina-vujanovi%C4%87-ph-d-4742b854\/?originalSubdomain=at\"><img loading=\"lazy\" decoding=\"async\" class=\"alignnone size-full wp-image-811\" src=\"https:\/\/credo.unidu.hr\/wp-content\/uploads\/2026\/01\/Linkedin.png\" alt=\"\" width=\"50\" height=\"50\" \/><\/a> \u00a0<a href=\"https:\/\/www.researchgate.net\/profile\/Nina-Vujanovic-2\"><img loading=\"lazy\" decoding=\"async\" class=\"alignnone size-full wp-image-809\" src=\"https:\/\/credo.unidu.hr\/wp-content\/uploads\/2026\/01\/ResearchGate.png\" alt=\"\" width=\"50\" height=\"50\" \/><\/a> \u00a0<a href=\"https:\/\/publons.com\/researcher\/1196753\/nebojsa-stojcic\/\"><img loading=\"lazy\" decoding=\"async\" class=\"alignnone size-full wp-image-807\" src=\"https:\/\/credo.unidu.hr\/wp-content\/uploads\/2026\/01\/publons-.png\" alt=\"\" width=\"50\" height=\"50\" \/><\/a><\/p>\n<hr \/>\n<p><strong>Istra\u017eiva\u010dki interesi<\/strong><\/p>\n<p>FDI, Productivity, Innovation<\/p>\n<\/div>\n<p>[\/vc_column_text][\/vc_column][\/vc_row][vc_row css_animation=&#8221;&#8221; row_type=&#8221;row&#8221; use_row_as_full_screen_section=&#8221;no&#8221; type=&#8221;full_width&#8221; angled_section=&#8221;no&#8221; text_align=&#8221;left&#8221; background_image_as_pattern=&#8221;without_pattern&#8221;][vc_column][vc_separator type=&#8221;normal&#8221;][\/vc_column][\/vc_row]<\/p>\n<\/div>","protected":false},"excerpt":{"rendered":"<p>[vc_row css_animation=&#8221;&#8221; row_type=&#8221;row&#8221; use_row_as_full_screen_section=&#8221;no&#8221; type=&#8221;full_width&#8221; angled_section=&#8221;no&#8221; text_align=&#8221;left&#8221; background_image_as_pattern=&#8221;without_pattern&#8221; css=&#8221;.vc_custom_1741284392986{margin-bottom: 50px !important;background-color: #FFFFFF !important;}&#8221; z_index=&#8221;&#8221;][vc_column][vc_column_text css=&#8221;&#8221;] Members [\/vc_column_text][\/vc_column][\/vc_row][vc_row css_animation=&#8221;&#8221; row_type=&#8221;row&#8221; use_row_as_full_screen_section=&#8221;no&#8221; type=&#8221;full_width&#8221; angled_section=&#8221;no&#8221; text_align=&#8221;left&#8221; background_image_as_pattern=&#8221;without_pattern&#8221; css=&#8221;.vc_custom_1741361942254{margin-bottom: 10px !important;background-color: #FFFFFF !important;}&#8221; z_index=&#8221;&#8221;][vc_column width=&#8221;1\/2&#8243;][vc_empty_space height=&#8221;15px&#8221;][vc_single_image image=&#8221;805&#8243; img_size=&#8221;medium&#8221; alignment=&#8221;center&#8221; onclick=&#8221;link_image&#8221; css=&#8221;&#8221; qode_css_animation=&#8221;&#8221;][vc_empty_space height=&#8221;15px&#8221;][\/vc_column][vc_column width=&#8221;1\/2&#8243;][vc_empty_space height=&#8221;15px&#8221;][vc_column_text css=&#8221;&#8221;] Prof. dr. sc&#8230;.<\/p>\n","protected":false},"author":1,"featured_media":0,"parent":0,"menu_order":0,"comment_status":"closed","ping_status":"open","template":"","meta":{"footnotes":""},"class_list":["post-964","page","type-page","status-publish","hentry"],"_links":{"self":[{"href":"https:\/\/credo.unidu.hr\/en\/wp-json\/wp\/v2\/pages\/964","targetHints":{"allow":["GET"]}}],"collection":[{"href":"https:\/\/credo.unidu.hr\/en\/wp-json\/wp\/v2\/pages"}],"about":[{"href":"https:\/\/credo.unidu.hr\/en\/wp-json\/wp\/v2\/types\/page"}],"author":[{"embeddable":true,"href":"https:\/\/credo.unidu.hr\/en\/wp-json\/wp\/v2\/users\/1"}],"replies":[{"embeddable":true,"href":"https:\/\/credo.unidu.hr\/en\/wp-json\/wp\/v2\/comments?post=964"}],"version-history":[{"count":1,"href":"https:\/\/credo.unidu.hr\/en\/wp-json\/wp\/v2\/pages\/964\/revisions"}],"predecessor-version":[{"id":965,"href":"https:\/\/credo.unidu.hr\/en\/wp-json\/wp\/v2\/pages\/964\/revisions\/965"}],"wp:attachment":[{"href":"https:\/\/credo.unidu.hr\/en\/wp-json\/wp\/v2\/media?parent=964"}],"curies":[{"name":"wp","href":"https:\/\/api.w.org\/{rel}","templated":true}]}}